{"id":24703,"date":"2020-10-24T22:09:33","date_gmt":"2020-10-24T22:09:33","guid":{"rendered":"https:\/\/insas.com.ar\/?page_id=24703"},"modified":"2020-11-11T14:25:40","modified_gmt":"2020-11-11T14:25:40","slug":"vinculacion-geodesica","status":"publish","type":"page","link":"https:\/\/insas.com.ar\/index.php\/vinculacion-geodesica\/","title":{"rendered":"Vinculaci\u00f3n Geod\u00e9sica"},"content":{"rendered":"<p>[et_pb_section fb_built=&#8221;1&#8243; admin_label=&#8221;Hero&#8221; _builder_version=&#8221;3.25.3&#8243; use_background_color_gradient=&#8221;on&#8221; background_color_gradient_start=&#8221;rgba(40,40,40,0.68)&#8221; background_color_gradient_end=&#8221;rgba(40,40,40,0.65)&#8221; background_color_gradient_type=&#8221;radial&#8221; background_color_gradient_direction_radial=&#8221;top left&#8221; background_color_gradient_overlays_image=&#8221;on&#8221; background_image=&#8221;https:\/\/insas.com.ar\/wp-content\/uploads\/2020\/11\/Sin-titulo.png&#8221; custom_margin=&#8221;||||false&#8221; custom_padding=&#8221;4vw||4vw||true|false&#8221;][et_pb_row column_structure=&#8221;2_3,1_3&#8243; _builder_version=&#8221;3.25&#8243;][et_pb_column type=&#8221;2_3&#8243; _builder_version=&#8221;3.25&#8243; custom_padding=&#8221;|||&#8221; custom_padding__hover=&#8221;|||&#8221;][et_pb_text _builder_version=&#8221;3.25.3&#8243; text_font=&#8221;||||||||&#8221; header_font=&#8221;Rubik|700|||||||&#8221; header_text_color=&#8221;#ffffff&#8221; header_font_size=&#8221;64px&#8221; header_line_height=&#8221;1.1em&#8221; border_color_all=&#8221;#e02b20&#8243; border_width_left=&#8221;10px&#8221; background_layout=&#8221;dark&#8221; max_width=&#8221;800px&#8221; custom_margin=&#8221;||0px|&#8221; custom_padding=&#8221;|||16px&#8221; text_font_size_tablet=&#8221;14px&#8221; text_font_size_last_edited=&#8221;off|desktop&#8221; header_font_size_tablet=&#8221;44px&#8221; header_font_size_phone=&#8221;30px&#8221; header_font_size_last_edited=&#8221;on|phone&#8221;]<\/p>\n<h1>Geo-redefenciaci\u00f3n<\/h1>\n<p>[\/et_pb_text][\/et_pb_column][et_pb_column type=&#8221;1_3&#8243; _builder_version=&#8221;3.25&#8243; custom_padding=&#8221;|||&#8221; custom_padding__hover=&#8221;|||&#8221;][\/et_pb_column][\/et_pb_row][\/et_pb_section][et_pb_section fb_built=&#8221;1&#8243; admin_label=&#8221;Related Services&#8221; _builder_version=&#8221;3.22.3&#8243; background_color=&#8221;#f7f7f7&#8243;][et_pb_row _builder_version=&#8221;3.25.3&#8243;][et_pb_column type=&#8221;4_4&#8243; _builder_version=&#8221;3.25.3&#8243;][et_pb_text _builder_version=&#8221;3.25.3&#8243; text_font=&#8221;Arimo|700|||||||&#8221; text_text_color=&#8221;#000000&#8243; text_font_size=&#8221;35px&#8221; text_font_size_phone=&#8221;32px&#8221; text_font_size_last_edited=&#8221;on|phone&#8221; text_line_height_phone=&#8221;1.2em&#8221; text_line_height_last_edited=&#8221;on|phone&#8221;]<\/p>\n<p>Vinculaci\u00f3n Geod\u00e9sica o Geo-referenciaci\u00f3n<\/p>\n<p>[\/et_pb_text][et_pb_text _builder_version=&#8221;3.25.3&#8243;]<\/p>\n<p><span style=\"color: #000000;\"><strong>Que es una vinculaci\u00f3n geod\u00e9sica o Geo-refenciaci\u00f3n?<\/strong><\/span><\/p>\n<p><span>Una Viculaci\u00f3n Geod\u00e9sica o Georefenciaci\u00f3n es\u00a0darle coordenadas de GPS a un punto con una precision apta para la agrimensura.<\/span><\/p>\n<p><span>Esto puntos se pueden vincular\u00a0a la red\u00a0geod\u00e9sica nacional del IGN \u00a0o a las provinciales como la red de Buenos Aires llamada GEOBA<\/span><\/p>\n<p><span style=\"color: #000000;\"><strong>Para que sirve?<\/strong>\u00a0<\/span><\/p>\n<p>Como los equipos geod\u00e9sicos tiene una excelente precisi\u00f3n, se los utiliza para delimitar fracciones de terrenos o campos grandes, que poseean una superficie m\u00e1s de 1 hectaria\u00a0.<\/p>\n<p>En la Provincia de Buenos Aires, es obligario realizar una Vinculaci\u00f3n de 2 puntos de una fracci\u00f3n, cuando uno quiera subdivirla en fraccionesmas peque\u00f1as.<\/p>\n<p>Tambien es obligatorio realizar Geo-refenciacione en Gasoductos o ca\u00f1er\u00edas enterradas.<\/p>\n<p><span style=\"color: #000000;\"><strong>Se puede usar un GPS manual para una Vinculaci\u00f3n \u00a0Geod\u00e9sica?<\/strong><\/span><\/p>\n<p><span>No se pueden usar GPS dom\u00e9sticos porque estos equipos poseen grandes errores. Los equipos manuales poseen errores 5 y 10 metros. En cambio los equipos geodesicos el \u00a0error est\u00e1\u00a0dentro del centrimetro.\u00a0<\/span><\/p>\n<p><span style=\"color: #000000;\"><strong>Que equipos poseen?<\/strong><\/span><\/p>\n<p><span>Nosotros tenemos equipos de ultima generaci\u00f3n. HIPER V de Topcon. Estos equipos son doble frecuencia y adem\u00e1s trabajan en RTK.<\/span><\/p>\n<p><span style=\"color: #000000;\"><strong>Que es doble frecuencia y RTK?<\/strong>\u00a0<\/span><\/p>\n<p><span>Los equipos que trabajan con doble frecuencia corrigen mejor los errores que los simple frecuencia y requieren menos tiempo de operaci\u00f3n para un misma tareas.<\/span><\/p>\n<p><span>RTK es que los equipos poseen una radio que vincula al equipo base del m\u00f3vil corrigiendo en tiempo real las corrdenadas del movil.<\/span><\/p>\n<p><span style=\"color: #000000;\"><strong>Que es NTRIP?<\/strong><\/span><\/p>\n<p>Cuando uno tiene alguna base permanente, que corrige sus datos todo el tiempo, uno puede vincularse a ella. Pero estas bases permanentes dejan sus correcciones en internet, por lo cual el equipo que quiera corregir su lectura debe tener acceso a internet online. Nuestros equipos tambien tienen la posibilidad de la correcci\u00f3n via NTRIP.<\/p>\n<p>&nbsp;<\/p>\n<p>[\/et_pb_text][\/et_pb_column][\/et_pb_row][\/et_pb_section]<\/p>\n","protected":false},"excerpt":{"rendered":"<p>[et_pb_section fb_built=&#8221;1&#8243; admin_label=&#8221;Hero&#8221; _builder_version=&#8221;3.25.3&#8243; use_background_color_gradient=&#8221;on&#8221; background_color_gradient_start=&#8221;rgba(40,40,40,0.68)&#8221; background_color_gradient_end=&#8221;rgba(40,40,40,0.65)&#8221; background_color_gradient_type=&#8221;radial&#8221; background_color_gradient_direction_radial=&#8221;top left&#8221; background_color_gradient_overlays_image=&#8221;on&#8221; background_image=&#8221;https:\/\/insas.com.ar\/wp-content\/uploads\/2020\/11\/Sin-titulo.png&#8221; custom_margin=&#8221;||||false&#8221; custom_padding=&#8221;4vw||4vw||true|false&#8221;][et_pb_row column_structure=&#8221;2_3,1_3&#8243; _builder_version=&#8221;3.25&#8243;][et_pb_column type=&#8221;2_3&#8243; _builder_version=&#8221;3.25&#8243; custom_padding=&#8221;|||&#8221; custom_padding__hover=&#8221;|||&#8221;][et_pb_text _builder_version=&#8221;3.25.3&#8243; text_font=&#8221;||||||||&#8221; header_font=&#8221;Rubik|700|||||||&#8221; header_text_color=&#8221;#ffffff&#8221; header_font_size=&#8221;64px&#8221; header_line_height=&#8221;1.1em&#8221; border_color_all=&#8221;#e02b20&#8243; border_width_left=&#8221;10px&#8221; background_layout=&#8221;dark&#8221; max_width=&#8221;800px&#8221; custom_margin=&#8221;||0px|&#8221; custom_padding=&#8221;|||16px&#8221; text_font_size_tablet=&#8221;14px&#8221; text_font_size_last_edited=&#8221;off|desktop&#8221; header_font_size_tablet=&#8221;44px&#8221; header_font_size_phone=&#8221;30px&#8221; header_font_size_last_edited=&#8221;on|phone&#8221;] Geo-redefenciaci\u00f3n [\/et_pb_text][\/et_pb_column][et_pb_column type=&#8221;1_3&#8243; _builder_version=&#8221;3.25&#8243; custom_padding=&#8221;|||&#8221; custom_padding__hover=&#8221;|||&#8221;][\/et_pb_column][\/et_pb_row][\/et_pb_section][et_pb_section fb_built=&#8221;1&#8243; admin_label=&#8221;Related Services&#8221; _builder_version=&#8221;3.22.3&#8243; background_color=&#8221;#f7f7f7&#8243;][et_pb_row _builder_version=&#8221;3.25.3&#8243;][et_pb_column type=&#8221;4_4&#8243; _builder_version=&#8221;3.25.3&#8243;][et_pb_text _builder_version=&#8221;3.25.3&#8243; text_font=&#8221;Arimo|700|||||||&#8221; text_text_color=&#8221;#000000&#8243; text_font_size=&#8221;35px&#8221; [&hellip;]<\/p>\n","protected":false},"author":2,"featured_media":0,"parent":0,"menu_order":0,"comment_status":"closed","ping_status":"closed","template":"","meta":{"_et_pb_use_builder":"on","_et_pb_old_content":"","footnotes":""},"_links":{"self":[{"href":"https:\/\/insas.com.ar\/index.php\/wp-json\/wp\/v2\/pages\/24703"}],"collection":[{"href":"https:\/\/insas.com.ar\/index.php\/wp-json\/wp\/v2\/pages"}],"about":[{"href":"https:\/\/insas.com.ar\/index.php\/wp-json\/wp\/v2\/types\/page"}],"author":[{"embeddable":true,"href":"https:\/\/insas.com.ar\/index.php\/wp-json\/wp\/v2\/users\/2"}],"replies":[{"embeddable":true,"href":"https:\/\/insas.com.ar\/index.php\/wp-json\/wp\/v2\/comments?post=24703"}],"version-history":[{"count":13,"href":"https:\/\/insas.com.ar\/index.php\/wp-json\/wp\/v2\/pages\/24703\/revisions"}],"predecessor-version":[{"id":24952,"href":"https:\/\/insas.com.ar\/index.php\/wp-json\/wp\/v2\/pages\/24703\/revisions\/24952"}],"wp:attachment":[{"href":"https:\/\/insas.com.ar\/index.php\/wp-json\/wp\/v2\/media?parent=24703"}],"curies":[{"name":"wp","href":"https:\/\/api.w.org\/{rel}","templated":true}]}}