{"id":24694,"date":"2020-10-24T22:01:57","date_gmt":"2020-10-24T22:01:57","guid":{"rendered":"https:\/\/insas.com.ar\/?page_id=24694"},"modified":"2020-11-11T22:01:24","modified_gmt":"2020-11-11T22:01:24","slug":"estado-parcelario","status":"publish","type":"page","link":"https:\/\/insas.com.ar\/index.php\/estado-parcelario\/","title":{"rendered":"Estado Parcelario"},"content":{"rendered":"<p>[et_pb_section fb_built=&#8221;1&#8243; admin_label=&#8221;Hero&#8221; _builder_version=&#8221;3.25.3&#8243; use_background_color_gradient=&#8221;on&#8221; background_color_gradient_start=&#8221;rgba(40,40,40,0.68)&#8221; background_color_gradient_end=&#8221;rgba(40,40,40,0.65)&#8221; background_color_gradient_type=&#8221;radial&#8221; background_color_gradient_direction_radial=&#8221;top left&#8221; background_color_gradient_overlays_image=&#8221;on&#8221; background_image=&#8221;https:\/\/insas.com.ar\/wp-content\/uploads\/2020\/10\/construction-33.jpg&#8221; custom_margin=&#8221;||||false&#8221; custom_padding=&#8221;4vw||4vw||true|false&#8221;][et_pb_row column_structure=&#8221;2_3,1_3&#8243; _builder_version=&#8221;3.25&#8243;][et_pb_column type=&#8221;2_3&#8243; _builder_version=&#8221;3.25&#8243; custom_padding=&#8221;|||&#8221; custom_padding__hover=&#8221;|||&#8221;][et_pb_text _builder_version=&#8221;3.25.3&#8243; text_font=&#8221;||||||||&#8221; header_font=&#8221;Rubik|700|||||||&#8221; header_font_size=&#8221;64px&#8221; header_line_height=&#8221;1.1em&#8221; border_color_all=&#8221;#e02b20&#8243; border_width_left=&#8221;10px&#8221; background_layout=&#8221;dark&#8221; max_width=&#8221;800px&#8221; custom_margin=&#8221;||0px|&#8221; custom_padding=&#8221;|||16px&#8221; text_font_size_tablet=&#8221;14px&#8221; text_font_size_last_edited=&#8221;off|desktop&#8221; header_font_size_tablet=&#8221;44px&#8221; header_font_size_phone=&#8221;32px&#8221; header_font_size_last_edited=&#8221;on|phone&#8221;]<\/p>\n<h1>Estado Parcelario<\/h1>\n<p>[\/et_pb_text][\/et_pb_column][et_pb_column type=&#8221;1_3&#8243; _builder_version=&#8221;3.25&#8243; custom_padding=&#8221;|||&#8221; custom_padding__hover=&#8221;|||&#8221;][\/et_pb_column][\/et_pb_row][\/et_pb_section][et_pb_section fb_built=&#8221;1&#8243; admin_label=&#8221;Related Services&#8221; _builder_version=&#8221;3.22.3&#8243; background_color=&#8221;#f7f7f7&#8243;][et_pb_row _builder_version=&#8221;3.25.3&#8243;][et_pb_column type=&#8221;4_4&#8243; _builder_version=&#8221;3.25.3&#8243;][et_pb_text _builder_version=&#8221;3.25.3&#8243; text_font=&#8221;Arimo|700|||||||&#8221; text_text_color=&#8221;#000000&#8243; text_font_size=&#8221;35px&#8221;]<\/p>\n<p>Estado Parcelario<\/p>\n<p>[\/et_pb_text][et_pb_text _builder_version=&#8221;3.25.3&#8243;]<\/p>\n<p><span style=\"color: #000000;\"><strong>Qu\u00e9\u00a0es?<\/strong><\/span><\/p>\n<p>El Estado Parcelario tambi\u00e9n conocido como &#8220;c\u00e9dula catastral o catastro&#8221;, es una tarea que realiza un agrimensor en\u00a0momento de una venta, compra o hipoteca de un inmueble.\u00a0Esta\u00a0tarea o tr\u00e1mite es obligatorio en la Provincia de Buenos Aires.<\/p>\n<p>Este\u00a0servicio\u00a0garantiza al comprador del inmueble que la propiedad tiene su valuaci\u00f3n fiscal actualizada, sus medianeras en su correcta\u00a0ubicaci\u00f3n\u00a0y el lote en la posici\u00f3n\u00a0correcta de la manzana.<\/p>\n<p><span style=\"color: #000000;\"><strong>Qui\u00e9n lo contrata?<\/strong><\/span><\/p>\n<p>Este servicio puede ser contratado por la parte compradora o vendedora. Por lo general lo contrata la vendedora, los\u00a0escribanos o las inmobiliarias porque es un requisito para poder escriturar.<\/p>\n<p><span style=\"color: #000000;\"><strong>Cuanto dura el certificado?<\/strong><\/span><\/p>\n<p>El Estado Parcelario esta compuesto de dos partes. La C\u00e9dula ( donde se indica la parcela y sus l\u00edmites) y los Revaluos ( donde se indica la valuaci\u00f3n de la propiedad. Si la Cedula est\u00e1 vigente pero los revaluos no se deber\u00e1 realizar un nuevo Estado Parcelario.<\/p>\n<p>La C\u00e9dula y los Reval\u00faos poseen vigencias distintas segun el tipo de inmueble.<\/p>\n<p><strong><span style=\"color: #000000;\">\u00a0 \u00a0 \u00a0 \u00a0 \u00a0 \u00a0 \u00a0 \u00a0 \u00a0 \u00a0 \u00a0 \u00a0 \u00a0 \u00a0 \u00a0 \u00a0 \u00a0 \u00a0 \u00a0 \u00a0 \u00a0 \u00a0 \u00a0 \u00a0 \u00a0 \u00a0 \u00a0 \u00a0 \u00a0 \u00a0 \u00a0 \u00a0 \u00a0 \u00a0 \u00a0 \u00a0 \u00a0 \u00a0 \u00a0 \u00a0 \u00a0 \u00a0 \u00a0 \u00a0 \u00a0 \u00a0 \u00a0 \u00a0 \u00a0 \u00a0 \u00a0C\u00e9dula \u00a0 \u00a0 \u00a0 \u00a0 \u00a0 \u00a0 \u00a0Reval\u00faos<\/span><\/strong><\/p>\n<p>Terrenos baldios en zona suburbana o urbana&#8230;&#8230;&#8230;&#8230;.\u00a0 \u00a0 \u00a02 a\u00f1os\u00a0 \u00a0 \u00a0 \u00a0 \u00a0 \u00a0 \u00a0 \u00a0 \u00a0 \u00a0 1 \u00a0a\u00f1o<\/p>\n<p>Edificados \u00a0en zona \u00a0suburbana o urbana&#8230;&#8230;&#8230;&#8230;&#8230;&#8230;&#8230;&#8230;..\u00a0 6 a\u00f1os\u00a0 \u00a0 \u00a0 \u00a0 \u00a0 \u00a0 \u00a0 \u00a0 \u00a0 \u00a03 a\u00f1os<\/p>\n<p>PH en planta baja&#8230;&#8230;&#8230;&#8230;&#8230;&#8230;&#8230;&#8230;&#8230;&#8230;&#8230;&#8230;&#8230;&#8230;&#8230;&#8230;&#8230;&#8230;&#8230;&#8230;&#8230;&#8230;&#8230;6 a\u00f1os\u00a0 \u00a0 \u00a0 \u00a0 \u00a0 \u00a0 \u00a0 \u00a0 \u00a0 3 a\u00f1os<\/p>\n<p>PH en plantas altas &#8230;&#8230;&#8230;&#8230;&#8230;&#8230;&#8230;&#8230;&#8230;&#8230;&#8230;&#8230;&#8230;&#8230;&#8230;&#8230;&#8230;&#8230;&#8230;&#8230;&#8230;..12 a\u00f1os\u00a0 \u00a0 \u00a0 \u00a0 \u00a0 \u00a0 \u00a0 \u00a0 3 a\u00f1os<\/p>\n<p>Casas en zonas subrural o rural&#8230;&#8230;&#8230;&#8230;&#8230;&#8230;&#8230;&#8230;&#8230;&#8230;&#8230;&#8230;&#8230;&#8230;..12 a\u00f1os\u00a0 \u00a0 \u00a0 \u00a0 \u00a0 \u00a0 \u00a0 \u00a0 3 a\u00f1os<\/p>\n<ul>\n<li>Nota:\u00a0Siempre que la c\u00e9dula o los reval\u00faos est\u00e9n vencidos se debe realizar un nuevo estado parcelario.<\/li>\n<\/ul>\n<p><span style=\"color: #000000;\"><strong>Como se si mi propiedad tiene el certificado vigente?<\/strong><\/span><\/p>\n<p>Ingresa a la pagina de ARBA \u00a0y haz una consulta de tramites ingresando con tu partida inmobililiaria y fijate si tiene &#8220;Estado Parcelario Contituido&#8221;<\/p>\n<p><span style=\"color: #000000;\"><strong>Como son los pasos para solicitar el servicio?<\/strong><\/span><\/p>\n<ul>\n<li>Para poder iniciar el tr\u00e1mite nosotros necesitamos que los envies la siguiente informaci\u00f3n:\n<ul>\n<li>Fotocopia de escritura.<\/li>\n<li>Fotocopia de DNI del vendedor.<\/li>\n<li>Ultimo impuesto.<\/li>\n<\/ul>\n<\/li>\n<li>Luego nosotros pedimos los antecedentes de la propiedad a Catastro de la Provincia en La Plata.<\/li>\n<li>Te llamamos para coordinar la medici\u00f3n de tu\u00a0propiedad.<\/li>\n<li>Y por ultimo realizamos el informe<strong>.<\/strong><\/li>\n<\/ul>\n<p><span style=\"color: #000000;\"><strong>Cuanto tardan en hacer el Estado Parcelario?<\/strong><\/span><\/p>\n<p>Las tareas de medici\u00f3n e informe son relativamente cortas, pero\u00a0dependemos\u00a0de otros factores ajenos a nosotros, clima, antecedentes y acceso a la propiedad.<\/p>\n<p>Por lo general se tarda 3 semanas.<\/p>\n<p><span style=\"color: #000000;\"><strong>Cuanto cuesta?<\/strong><\/span><\/p>\n<p>El estado parcelario depende del lugar a donde se encuentra la propiedad y\u00a0la valuaci\u00f3n de la misma.<\/p>\n<p>El valor del Estado Parcelario se mide en una tasa de honorarios en funci\u00f3n de la valuacion fiscal, La\u00a0tasa de honorarios van del 3% al 1%<\/p>\n<p><span style=\"color: #000000;\"><strong>Como lo \u00a0encargo,?<\/strong><\/span><\/p>\n<p>Ud. puede encargarlo \u00a0por<\/p>\n<ul>\n<li>Telefono al 011-5112-0377<\/li>\n<li>Por mail a hola@insas.com.ar indicando en el asunto: Presupuesto o Pedido y la partida inmobiliaria<\/li>\n<li>En el cuerpo del mail indicar:\n<ul>\n<li>Nombre<\/li>\n<li>Tel\u00e9fono<\/li>\n<li>Fotocopia DNI y escritura<\/li>\n<li>Comprobante del pago de anticipo<\/li>\n<\/ul>\n<\/li>\n<\/ul>\n<p>&nbsp;<\/p>\n<p>[\/et_pb_text][\/et_pb_column][\/et_pb_row][\/et_pb_section]<\/p>\n","protected":false},"excerpt":{"rendered":"<p>[et_pb_section fb_built=&#8221;1&#8243; admin_label=&#8221;Hero&#8221; _builder_version=&#8221;3.25.3&#8243; use_background_color_gradient=&#8221;on&#8221; background_color_gradient_start=&#8221;rgba(40,40,40,0.68)&#8221; background_color_gradient_end=&#8221;rgba(40,40,40,0.65)&#8221; background_color_gradient_type=&#8221;radial&#8221; background_color_gradient_direction_radial=&#8221;top left&#8221; background_color_gradient_overlays_image=&#8221;on&#8221; background_image=&#8221;https:\/\/insas.com.ar\/wp-content\/uploads\/2020\/10\/construction-33.jpg&#8221; custom_margin=&#8221;||||false&#8221; custom_padding=&#8221;4vw||4vw||true|false&#8221;][et_pb_row column_structure=&#8221;2_3,1_3&#8243; _builder_version=&#8221;3.25&#8243;][et_pb_column type=&#8221;2_3&#8243; _builder_version=&#8221;3.25&#8243; custom_padding=&#8221;|||&#8221; custom_padding__hover=&#8221;|||&#8221;][et_pb_text _builder_version=&#8221;3.25.3&#8243; text_font=&#8221;||||||||&#8221; header_font=&#8221;Rubik|700|||||||&#8221; header_font_size=&#8221;64px&#8221; header_line_height=&#8221;1.1em&#8221; border_color_all=&#8221;#e02b20&#8243; border_width_left=&#8221;10px&#8221; background_layout=&#8221;dark&#8221; max_width=&#8221;800px&#8221; custom_margin=&#8221;||0px|&#8221; custom_padding=&#8221;|||16px&#8221; text_font_size_tablet=&#8221;14px&#8221; text_font_size_last_edited=&#8221;off|desktop&#8221; header_font_size_tablet=&#8221;44px&#8221; header_font_size_phone=&#8221;32px&#8221; header_font_size_last_edited=&#8221;on|phone&#8221;] Estado Parcelario [\/et_pb_text][\/et_pb_column][et_pb_column type=&#8221;1_3&#8243; _builder_version=&#8221;3.25&#8243; custom_padding=&#8221;|||&#8221; custom_padding__hover=&#8221;|||&#8221;][\/et_pb_column][\/et_pb_row][\/et_pb_section][et_pb_section fb_built=&#8221;1&#8243; admin_label=&#8221;Related Services&#8221; _builder_version=&#8221;3.22.3&#8243; background_color=&#8221;#f7f7f7&#8243;][et_pb_row _builder_version=&#8221;3.25.3&#8243;][et_pb_column type=&#8221;4_4&#8243; _builder_version=&#8221;3.25.3&#8243;][et_pb_text _builder_version=&#8221;3.25.3&#8243; text_font=&#8221;Arimo|700|||||||&#8221; text_text_color=&#8221;#000000&#8243; text_font_size=&#8221;35px&#8221;] [&hellip;]<\/p>\n","protected":false},"author":2,"featured_media":0,"parent":0,"menu_order":0,"comment_status":"closed","ping_status":"closed","template":"","meta":{"_et_pb_use_builder":"on","_et_pb_old_content":"","footnotes":""},"_links":{"self":[{"href":"https:\/\/insas.com.ar\/index.php\/wp-json\/wp\/v2\/pages\/24694"}],"collection":[{"href":"https:\/\/insas.com.ar\/index.php\/wp-json\/wp\/v2\/pages"}],"about":[{"href":"https:\/\/insas.com.ar\/index.php\/wp-json\/wp\/v2\/types\/page"}],"author":[{"embeddable":true,"href":"https:\/\/insas.com.ar\/index.php\/wp-json\/wp\/v2\/users\/2"}],"replies":[{"embeddable":true,"href":"https:\/\/insas.com.ar\/index.php\/wp-json\/wp\/v2\/comments?post=24694"}],"version-history":[{"count":6,"href":"https:\/\/insas.com.ar\/index.php\/wp-json\/wp\/v2\/pages\/24694\/revisions"}],"predecessor-version":[{"id":25012,"href":"https:\/\/insas.com.ar\/index.php\/wp-json\/wp\/v2\/pages\/24694\/revisions\/25012"}],"wp:attachment":[{"href":"https:\/\/insas.com.ar\/index.php\/wp-json\/wp\/v2\/media?parent=24694"}],"curies":[{"name":"wp","href":"https:\/\/api.w.org\/{rel}","templated":true}]}}